{"id":3,"date":"2025-02-28T21:40:58","date_gmt":"2025-02-28T21:40:58","guid":{"rendered":"http:\/\/elisabetenaturopathe.com\/?page_id=3"},"modified":"2025-08-15T03:32:39","modified_gmt":"2025-08-15T03:32:39","slug":"politique-de-confidentialite-et-cookies","status":"publish","type":"page","link":"https:\/\/elisabetenaturopathe.com\/pt\/politique-de-confidentialite-et-cookies\/","title":{"rendered":"Pol\u00edtica de Privacidade e Cookies"},"content":{"rendered":"<div data-elementor-type=\"wp-page\" data-elementor-id=\"3\" class=\"elementor elementor-3\" data-elementor-post-type=\"page\">\n\t\t\t\t<div class=\"elementor-element elementor-element-6442c0b e-flex e-con-boxed e-con e-parent\" data-id=\"6442c0b\" data-element_type=\"container\">\n\t\t\t\t\t<div class=\"e-con-inner\">\n\t\t\t\t<div class=\"elementor-element elementor-element-36769a9 elementor-widget elementor-widget-heading\" data-id=\"36769a9\" data-element_type=\"widget\" data-widget_type=\"heading.default\">\n\t\t\t\t<div class=\"elementor-widget-container\">\n\t\t\t\t\t<h2 class=\"elementor-heading-title elementor-size-default\">Pol\u00edtica de Privacidade e Cookies<\/h2>\t\t\t\t<\/div>\n\t\t\t\t<\/div>\n\t\t\t\t<div class=\"elementor-element elementor-element-6018106 elementor-widget elementor-widget-heading\" data-id=\"6018106\" data-element_type=\"widget\" data-widget_type=\"heading.default\">\n\t\t\t\t<div class=\"elementor-widget-container\">\n\t\t\t\t\t<h2 class=\"elementor-heading-title elementor-size-default\">Campo de aplica\u00e7\u00e3o<\/h2>\t\t\t\t<\/div>\n\t\t\t\t<\/div>\n\t\t\t\t<div class=\"elementor-element elementor-element-5df96c1 elementor-widget elementor-widget-text-editor\" data-id=\"5df96c1\" data-element_type=\"widget\" data-widget_type=\"text-editor.default\">\n\t\t\t\t<div class=\"elementor-widget-container\">\n\t\t\t\t\t\t\t\t\t<p data-start=\"89\" data-end=\"480\">A Cl\u00ednica Natur\u00f3loga Naturopata da Elisabete respeita e protege a sua privacidade. Esta Pol\u00edtica de Privacidade e Cookies descreve como coletamos, usamos, armazenamos e protegemos os dados pessoais dos visitantes do nosso site https:\/\/elisabetenaturopathe.com , em conformidade com o Regulamento Geral sobre a Prote\u00e7\u00e3o de Dados (RGPD \u2013 UE 2016\/679). <a href=\"https:\/\/elisabetenaturopathe.com\/pt\/\">https:\/\/elisabetenaturopathe.com<\/a>, em conformidade com o Regulamento Geral sobre a Prote\u00e7\u00e3o de Dados (RGPD \u2013 UE 2016\/679).<\/p>\n<p data-start=\"482\" data-end=\"615\">Esta pol\u00edtica se aplica somente ao nosso site e n\u00e3o a sites de terceiros que podem ser referenciados ou acessados por meio de links.<\/p>\t\t\t\t\t\t\t\t<\/div>\n\t\t\t\t<\/div>\n\t\t\t\t<div class=\"elementor-element elementor-element-690e04a elementor-widget elementor-widget-heading\" data-id=\"690e04a\" data-element_type=\"widget\" data-widget_type=\"heading.default\">\n\t\t\t\t<div class=\"elementor-widget-container\">\n\t\t\t\t\t<h2 class=\"elementor-heading-title elementor-size-default\">Respons\u00e1vel pelo Tratamento de Dados<\/h2>\t\t\t\t<\/div>\n\t\t\t\t<\/div>\n\t\t\t\t<div class=\"elementor-element elementor-element-0faaee7 elementor-widget elementor-widget-text-editor\" data-id=\"0faaee7\" data-element_type=\"widget\" data-widget_type=\"text-editor.default\">\n\t\t\t\t<div class=\"elementor-widget-container\">\n\t\t\t\t\t\t\t\t\t<p data-start=\"89\" data-end=\"480\"><strong>Natur\u00f3loga Cl\u00ednica Naturopata por Elisabete<\/strong><br data-start=\"735\" data-end=\"738\" \/><strong>Email: <\/strong>info@elisabetenaturopathe.com<br data-start=\"765\" data-end=\"768\" \/><strong>Website: <\/strong><a href=\"https:\/\/elisabetenaturopathe.com\/pt\/\">https:\/\/elisabetenaturopathe.com\/<\/a><br data-start=\"825\" data-end=\"828\" \/><strong>Telefone: <\/strong>+352 691 358 349<\/p>\t\t\t\t\t\t\t\t<\/div>\n\t\t\t\t<\/div>\n\t\t\t\t<div class=\"elementor-element elementor-element-d0a49d6 elementor-widget elementor-widget-heading\" data-id=\"d0a49d6\" data-element_type=\"widget\" data-widget_type=\"heading.default\">\n\t\t\t\t<div class=\"elementor-widget-container\">\n\t\t\t\t\t<h2 class=\"elementor-heading-title elementor-size-default\">Coleta e Tratamento de Dados Pessoais<\/h2>\t\t\t\t<\/div>\n\t\t\t\t<\/div>\n\t\t\t\t<div class=\"elementor-element elementor-element-4b31fd2 elementor-widget elementor-widget-text-editor\" data-id=\"4b31fd2\" data-element_type=\"widget\" data-widget_type=\"text-editor.default\">\n\t\t\t\t<div class=\"elementor-widget-container\">\n\t\t\t\t\t\t\t\t\t<p data-start=\"860\" data-end=\"990\">Os dados pessoais podem ser coletados pelos seguintes meios:<\/p>\n<ul data-start=\"992\" data-end=\"1280\">\n<li data-start=\"992\" data-end=\"1052\">\n<p data-start=\"994\" data-end=\"1052\">Formul\u00e1rio de contato: nome, e-mail, telefone, mensagem.<\/p>\n<\/li>\n<li data-start=\"1053\" data-end=\"1136\">\n<p data-start=\"1055\" data-end=\"1136\">Solicita\u00e7\u00f5es de or\u00e7amento: informa\u00e7\u00f5es sobre o tipo de servi\u00e7o solicitado e detalhes de contato.<\/p>\n<\/li>\n<li data-start=\"1137\" data-end=\"1280\">\n<p data-start=\"1139\" data-end=\"1280\">Cookies e dados de navega\u00e7\u00e3o: endere\u00e7o IP, tipo de navegador, p\u00e1ginas visitadas, localiza\u00e7\u00e3o aproximada, dura\u00e7\u00e3o da visita ao site.<\/p>\n<\/li>\n<\/ul>\n<p data-start=\"1282\" data-end=\"1323\">Esses dados s\u00e3o processados com base em:<\/p>\n<ul data-start=\"1325\" data-end=\"1560\">\n<li data-start=\"1325\" data-end=\"1381\">\n<p data-start=\"1327\" data-end=\"1381\">O consentimento expresso do interessado;<\/p>\n<\/li>\n<li data-start=\"1382\" data-end=\"1447\">\n<p data-start=\"1384\" data-end=\"1447\">Da execu\u00e7\u00e3o de um contrato ou de dilig\u00eancias pr\u00e9-contratuais;<\/p>\n<\/li>\n<li data-start=\"1448\" data-end=\"1477\">\n<p data-start=\"1450\" data-end=\"1477\">De uma obriga\u00e7\u00e3o legal;<\/p>\n<\/li>\n<li data-start=\"1478\" data-end=\"1560\">\n<p data-start=\"1480\" data-end=\"1560\">De interesse leg\u00edtimo (por exemplo, seguran\u00e7a, melhoria de servi\u00e7o, estat\u00edsticas).<\/p>\n<\/li>\n<\/ul>\t\t\t\t\t\t\t\t<\/div>\n\t\t\t\t<\/div>\n\t\t\t\t<div class=\"elementor-element elementor-element-b23f505 elementor-widget elementor-widget-heading\" data-id=\"b23f505\" data-element_type=\"widget\" data-widget_type=\"heading.default\">\n\t\t\t\t<div class=\"elementor-widget-container\">\n\t\t\t\t\t<h2 class=\"elementor-heading-title elementor-size-default\">Finalidades do Tratamento<\/h2>\t\t\t\t<\/div>\n\t\t\t\t<\/div>\n\t\t\t\t<div class=\"elementor-element elementor-element-2a9413a elementor-widget elementor-widget-text-editor\" data-id=\"2a9413a\" data-element_type=\"widget\" data-widget_type=\"text-editor.default\">\n\t\t\t\t<div class=\"elementor-widget-container\">\n\t\t\t\t\t\t\t\t\t<p data-start=\"1562\" data-end=\"1638\">Os dados coletados s\u00e3o utilizados para:<\/p>\n<ul data-start=\"1640\" data-end=\"1936\">\n<li data-start=\"1640\" data-end=\"1690\">\n<p data-start=\"1642\" data-end=\"1690\">Responder a solicita\u00e7\u00f5es de contato ou cota\u00e7\u00e3o;<\/p>\n<\/li>\n<li data-start=\"1691\" data-end=\"1792\">\n<p data-start=\"1693\" data-end=\"1792\">Enviar informa\u00e7\u00f5es sobre nossos servi\u00e7os, promo\u00e7\u00f5es ou novidades (quando permitido);<\/p>\n<\/li>\n<li data-start=\"1793\" data-end=\"1876\">\n<p data-start=\"1795\" data-end=\"1876\">Analisar estat\u00edsticas de navega\u00e7\u00e3o e melhorar a experi\u00eancia do usu\u00e1rio;<\/p>\n<\/li>\n<li data-start=\"1877\" data-end=\"1936\">\n<p data-start=\"1879\" data-end=\"1936\">Cumprir obriga\u00e7\u00f5es legais e regulamentares.<\/p>\n<\/li>\n<\/ul>\t\t\t\t\t\t\t\t<\/div>\n\t\t\t\t<\/div>\n\t\t\t\t<div class=\"elementor-element elementor-element-c34818b elementor-widget elementor-widget-heading\" data-id=\"c34818b\" data-element_type=\"widget\" data-widget_type=\"heading.default\">\n\t\t\t\t<div class=\"elementor-widget-container\">\n\t\t\t\t\t<h2 class=\"elementor-heading-title elementor-size-default\">Reten\u00e7\u00e3o de dados<\/h2>\t\t\t\t<\/div>\n\t\t\t\t<\/div>\n\t\t\t\t<div class=\"elementor-element elementor-element-f3d85a3 elementor-widget elementor-widget-text-editor\" data-id=\"f3d85a3\" data-element_type=\"widget\" data-widget_type=\"text-editor.default\">\n\t\t\t\t<div class=\"elementor-widget-container\">\n\t\t\t\t\t\t\t\t\t<p data-start=\"1562\" data-end=\"1638\">Os dados pessoais s\u00e3o conservados apenas pelo per\u00edodo necess\u00e1rio \u00e0 prossecu\u00e7\u00e3o das finalidades mencionadas ou de acordo com exig\u00eancias legais.<\/p>\t\t\t\t\t\t\t\t<\/div>\n\t\t\t\t<\/div>\n\t\t\t\t<div class=\"elementor-element elementor-element-79b29e9 elementor-widget elementor-widget-heading\" data-id=\"79b29e9\" data-element_type=\"widget\" data-widget_type=\"heading.default\">\n\t\t\t\t<div class=\"elementor-widget-container\">\n\t\t\t\t\t<h2 class=\"elementor-heading-title elementor-size-default\">Direitos do Titular dos Dados<\/h2>\t\t\t\t<\/div>\n\t\t\t\t<\/div>\n\t\t\t\t<div class=\"elementor-element elementor-element-c669109 elementor-widget elementor-widget-text-editor\" data-id=\"c669109\" data-element_type=\"widget\" data-widget_type=\"text-editor.default\">\n\t\t\t\t<div class=\"elementor-widget-container\">\n\t\t\t\t\t\t\t\t\t<p data-start=\"2134\" data-end=\"2231\">De acordo com o GDPR, voc\u00ea tem os seguintes direitos:<\/p>\n<ul data-start=\"2233\" data-end=\"2547\">\n<li data-start=\"2233\" data-end=\"2273\">\n<p data-start=\"2235\" data-end=\"2273\">Acessar seus dados pessoais;<\/p>\n<\/li>\n<li data-start=\"2274\" data-end=\"2334\">\n<p data-start=\"2276\" data-end=\"2334\">Corrigir ou atualizar informa\u00e7\u00f5es incorretas;<\/p>\n<\/li>\n<li data-start=\"2335\" data-end=\"2397\">\n<p data-start=\"2337\" data-end=\"2397\">Solicitar a elimina\u00e7\u00e3o dos seus dados (direito ao esquecimento);<\/p>\n<\/li>\n<li data-start=\"2398\" data-end=\"2456\">\n<p data-start=\"2400\" data-end=\"2456\">Limitar ou opor-se ao processamento dos seus dados;<\/p>\n<\/li>\n<li data-start=\"2457\" data-end=\"2503\">\n<p data-start=\"2459\" data-end=\"2503\">Retirar seu consentimento a qualquer momento;<\/p>\n<\/li>\n<li data-start=\"2504\" data-end=\"2547\">\n<p data-start=\"2506\" data-end=\"2547\">Solicite a portabilidade dos seus dados.<\/p>\n<\/li>\n<\/ul>\n<p data-start=\"2549\" data-end=\"2622\">Para exercer seus direitos, entre em contato conosco pelo e-mail: info@elisabetenaturopathe.com<\/p>\t\t\t\t\t\t\t\t<\/div>\n\t\t\t\t<\/div>\n\t\t\t\t<div class=\"elementor-element elementor-element-8ecb1ba elementor-widget elementor-widget-heading\" data-id=\"8ecb1ba\" data-element_type=\"widget\" data-widget_type=\"heading.default\">\n\t\t\t\t<div class=\"elementor-widget-container\">\n\t\t\t\t\t<h2 class=\"elementor-heading-title elementor-size-default\">Seguran\u00e7a e Confidencialidade<\/h2>\t\t\t\t<\/div>\n\t\t\t\t<\/div>\n\t\t\t\t<div class=\"elementor-element elementor-element-528f83f elementor-widget elementor-widget-text-editor\" data-id=\"528f83f\" data-element_type=\"widget\" data-widget_type=\"text-editor.default\">\n\t\t\t\t<div class=\"elementor-widget-container\">\n\t\t\t\t\t\t\t\t\t<p data-start=\"2624\" data-end=\"2851\">Implementamos medidas t\u00e9cnicas e organizacionais apropriadas para proteger seus dados pessoais contra acesso n\u00e3o autorizado, perda, altera\u00e7\u00e3o ou divulga\u00e7\u00e3o indevida.<\/p>\n<p data-start=\"2853\" data-end=\"3018\">No entanto, lembramos que nenhuma transmiss\u00e3o de dados pela internet \u00e9 totalmente segura. Portanto, n\u00e3o podemos garantir seguran\u00e7a absoluta.<\/p>\t\t\t\t\t\t\t\t<\/div>\n\t\t\t\t<\/div>\n\t\t\t\t<div class=\"elementor-element elementor-element-65b4657 elementor-widget elementor-widget-heading\" data-id=\"65b4657\" data-element_type=\"widget\" data-widget_type=\"heading.default\">\n\t\t\t\t<div class=\"elementor-widget-container\">\n\t\t\t\t\t<h2 class=\"elementor-heading-title elementor-size-default\">Pol\u00edtica de Cookies<\/h2>\t\t\t\t<\/div>\n\t\t\t\t<\/div>\n\t\t\t\t<div class=\"elementor-element elementor-element-419524e elementor-widget elementor-widget-heading\" data-id=\"419524e\" data-element_type=\"widget\" data-widget_type=\"heading.default\">\n\t\t\t\t<div class=\"elementor-widget-container\">\n\t\t\t\t\t<h2 class=\"elementor-heading-title elementor-size-default\">O que \u00e9 um cookie?<\/h2>\t\t\t\t<\/div>\n\t\t\t\t<\/div>\n\t\t\t\t<div class=\"elementor-element elementor-element-15d59a6 elementor-widget elementor-widget-text-editor\" data-id=\"15d59a6\" data-element_type=\"widget\" data-widget_type=\"text-editor.default\">\n\t\t\t\t<div class=\"elementor-widget-container\">\n\t\t\t\t\t\t\t\t\t<p data-start=\"2624\" data-end=\"2851\">Cookies s\u00e3o pequenos arquivos armazenados no seu navegador que ajudam a melhorar a experi\u00eancia do usu\u00e1rio, lembrar suas prefer\u00eancias e coletar dados estat\u00edsticos.<\/p>\t\t\t\t\t\t\t\t<\/div>\n\t\t\t\t<\/div>\n\t\t\t\t<div class=\"elementor-element elementor-element-dab1dd1 elementor-widget elementor-widget-heading\" data-id=\"dab1dd1\" data-element_type=\"widget\" data-widget_type=\"heading.default\">\n\t\t\t\t<div class=\"elementor-widget-container\">\n\t\t\t\t\t<h2 class=\"elementor-heading-title elementor-size-default\">Tipos de cookies utilizados:<\/h2>\t\t\t\t<\/div>\n\t\t\t\t<\/div>\n\t\t\t\t<div class=\"elementor-element elementor-element-10f8e5b elementor-widget elementor-widget-text-editor\" data-id=\"10f8e5b\" data-element_type=\"widget\" data-widget_type=\"text-editor.default\">\n\t\t\t\t<div class=\"elementor-widget-container\">\n\t\t\t\t\t\t\t\t\t<ul>\n<li data-start=\"3306\" data-end=\"3362\">\n<p data-start=\"3308\" data-end=\"3362\">Essencial: necess\u00e1rio para o funcionamento do site;<\/p>\n<\/li>\n<li data-start=\"3363\" data-end=\"3461\">\n<p data-start=\"3365\" data-end=\"3461\">An\u00e1lise: coletar dados estat\u00edsticos sobre navega\u00e7\u00e3o (ex.: Google Analytics);<\/p>\n<\/li>\n<li data-start=\"3462\" data-end=\"3526\">\n<p data-start=\"3464\" data-end=\"3526\">Funcional: lembrar as prefer\u00eancias do usu\u00e1rio;<\/p>\n<\/li>\n<li data-start=\"3527\" data-end=\"3603\">\n<p data-start=\"3529\" data-end=\"3603\">Marketing: Usado para personalizar an\u00fancios (se aplic\u00e1vel).<\/p>\n<\/li>\n<\/ul>\t\t\t\t\t\t\t\t<\/div>\n\t\t\t\t<\/div>\n\t\t\t\t<div class=\"elementor-element elementor-element-6010ad5 elementor-widget elementor-widget-heading\" data-id=\"6010ad5\" data-element_type=\"widget\" data-widget_type=\"heading.default\">\n\t\t\t\t<div class=\"elementor-widget-container\">\n\t\t\t\t\t<h2 class=\"elementor-heading-title elementor-size-default\">Consentimento<\/h2>\t\t\t\t<\/div>\n\t\t\t\t<\/div>\n\t\t\t\t<div class=\"elementor-element elementor-element-d903715 elementor-widget elementor-widget-text-editor\" data-id=\"d903715\" data-element_type=\"widget\" data-widget_type=\"text-editor.default\">\n\t\t\t\t<div class=\"elementor-widget-container\">\n\t\t\t\t\t\t\t\t\t<p data-start=\"3605\" data-end=\"3745\">Ao visitar nosso site pela primeira vez, um banner com informa\u00e7\u00f5es sobre cookies ser\u00e1 exibido. Voc\u00ea poder\u00e1 ent\u00e3o:<\/p>\n<ul data-start=\"3747\" data-end=\"3846\">\n<li data-start=\"3747\" data-end=\"3778\">\n<p data-start=\"3749\" data-end=\"3778\">Aceitar todos os cookies;<\/p>\n<\/li>\n<li data-start=\"3779\" data-end=\"3819\">\n<p data-start=\"3781\" data-end=\"3819\">Recusar cookies n\u00e3o essenciais;<\/p>\n<\/li>\n<li data-start=\"3820\" data-end=\"3846\">\n<p data-start=\"3822\" data-end=\"3846\">Gerencie suas prefer\u00eancias.<\/p>\n<\/li>\n<\/ul>\n<p data-start=\"3848\" data-end=\"3942\">Voc\u00ea tamb\u00e9m pode gerenciar cookies diretamente nas configura\u00e7\u00f5es do seu navegador.<\/p>\t\t\t\t\t\t\t\t<\/div>\n\t\t\t\t<\/div>\n\t\t\t\t<div class=\"elementor-element elementor-element-6dbc31a elementor-widget elementor-widget-heading\" data-id=\"6dbc31a\" data-element_type=\"widget\" data-widget_type=\"heading.default\">\n\t\t\t\t<div class=\"elementor-widget-container\">\n\t\t\t\t\t<h2 class=\"elementor-heading-title elementor-size-default\">Cookies de terceiros<\/h2>\t\t\t\t<\/div>\n\t\t\t\t<\/div>\n\t\t\t\t<div class=\"elementor-element elementor-element-5e9403d elementor-widget elementor-widget-text-editor\" data-id=\"5e9403d\" data-element_type=\"widget\" data-widget_type=\"text-editor.default\">\n\t\t\t\t<div class=\"elementor-widget-container\">\n\t\t\t\t\t\t\t\t\t<p data-start=\"3605\" data-end=\"3745\">Podemos utilizar servi\u00e7os de terceiros (por exemplo, Google, Meta\/Facebook, YouTube) que podem colocar cookies no seu navegador. Convidamos voc\u00ea a consultar as respectivas pol\u00edticas de privacidade.<\/p>\t\t\t\t\t\t\t\t<\/div>\n\t\t\t\t<\/div>\n\t\t\t\t<div class=\"elementor-element elementor-element-1bc7fc5 elementor-widget elementor-widget-heading\" data-id=\"1bc7fc5\" data-element_type=\"widget\" data-widget_type=\"heading.default\">\n\t\t\t\t<div class=\"elementor-widget-container\">\n\t\t\t\t\t<h2 class=\"elementor-heading-title elementor-size-default\">Altera\u00e7\u00f5es desta Pol\u00edtica<\/h2>\t\t\t\t<\/div>\n\t\t\t\t<\/div>\n\t\t\t\t<div class=\"elementor-element elementor-element-257626c elementor-widget elementor-widget-text-editor\" data-id=\"257626c\" data-element_type=\"widget\" data-widget_type=\"text-editor.default\">\n\t\t\t\t<div class=\"elementor-widget-container\">\n\t\t\t\t\t\t\t\t\t<p data-start=\"4188\" data-end=\"4426\">Reservamo-nos o direito de atualizar esta Pol\u00edtica de Privacidade e Cookies a qualquer momento. Quaisquer altera\u00e7\u00f5es ser\u00e3o publicadas nesta p\u00e1gina com a data de revis\u00e3o atualizada.<\/p>\n<p data-start=\"4428\" data-end=\"4479\"><strong data-start=\"4428\" data-end=\"4454\">\u00daltima atualiza\u00e7\u00e3o:<\/strong> Luxemburgo, 11\/08\/2025<\/p>\t\t\t\t\t\t\t\t<\/div>\n\t\t\t\t<\/div>\n\t\t\t\t\t<\/div>\n\t\t\t\t<\/div>\n\t\t\t\t<\/div>","protected":false},"excerpt":{"rendered":"<p>Politique de Confidentialit\u00e9 et Cookies Champ d\u2019application Naturologue Clinicienne Naturopathe by Elisabete respecte et prot\u00e8ge votre vie priv\u00e9e. La pr\u00e9sente [&hellip;]<\/p>","protected":false},"author":1,"featured_media":0,"parent":0,"menu_order":0,"comment_status":"closed","ping_status":"closed","template":"elementor_header_footer","meta":{"site-sidebar-layout":"default","site-content-layout":"","ast-site-content-layout":"","site-content-style":"default","site-sidebar-style":"default","ast-global-header-display":"","ast-banner-title-visibility":"","ast-main-header-display":"","ast-hfb-above-header-display":"","ast-hfb-below-header-display":"","ast-hfb-mobile-header-display":"","site-post-title":"","ast-breadcrumbs-content":"","ast-featured-img":"","footer-sml-layout":"","theme-transparent-header-meta":"","adv-header-id-meta":"","stick-header-meta":"","header-above-stick-meta":"","header-main-stick-meta":"","header-below-stick-meta":"","astra-migrate-meta-layouts":"default","ast-page-background-enabled":"default","ast-page-background-meta":{"desktop":{"background-color":"var(--ast-global-color-5)","background-image":"","background-repeat":"repeat","background-position":"center center","background-size":"auto","background-attachment":"scroll","background-type":"","background-media":"","overlay-type":"","overlay-color":"","overlay-opacity":"","overlay-gradient":""},"tablet":{"background-color":"","background-image":"","background-repeat":"repeat","background-position":"center center","background-size":"auto","background-attachment":"scroll","background-type":"","background-media":"","overlay-type":"","overlay-color":"","overlay-opacity":"","overlay-gradient":""},"mobile":{"background-color":"","background-image":"","background-repeat":"repeat","background-position":"center center","background-size":"auto","background-attachment":"scroll","background-type":"","background-media":"","overlay-type":"","overlay-color":"","overlay-opacity":"","overlay-gradient":""}},"ast-content-background-meta":{"desktop":{"background-color":"var(--ast-global-color-4)","background-image":"","background-repeat":"repeat","background-position":"center center","background-size":"auto","background-attachment":"scroll","background-type":"","background-media":"","overlay-type":"","overlay-color":"","overlay-opacity":"","overlay-gradient":""},"tablet":{"background-color":"var(--ast-global-color-4)","background-image":"","background-repeat":"repeat","background-position":"center center","background-size":"auto","background-attachment":"scroll","background-type":"","background-media":"","overlay-type":"","overlay-color":"","overlay-opacity":"","overlay-gradient":""},"mobile":{"background-color":"var(--ast-global-color-4)","background-image":"","background-repeat":"repeat","background-position":"center center","background-size":"auto","background-attachment":"scroll","background-type":"","background-media":"","overlay-type":"","overlay-color":"","overlay-opacity":"","overlay-gradient":""}},"footnotes":""},"class_list":["post-3","page","type-page","status-publish","hentry"],"_links":{"self":[{"href":"https:\/\/elisabetenaturopathe.com\/pt\/wp-json\/wp\/v2\/pages\/3","targetHints":{"allow":["GET"]}}],"collection":[{"href":"https:\/\/elisabetenaturopathe.com\/pt\/wp-json\/wp\/v2\/pages"}],"about":[{"href":"https:\/\/elisabetenaturopathe.com\/pt\/wp-json\/wp\/v2\/types\/page"}],"author":[{"embeddable":true,"href":"https:\/\/elisabetenaturopathe.com\/pt\/wp-json\/wp\/v2\/users\/1"}],"replies":[{"embeddable":true,"href":"https:\/\/elisabetenaturopathe.com\/pt\/wp-json\/wp\/v2\/comments?post=3"}],"version-history":[{"count":19,"href":"https:\/\/elisabetenaturopathe.com\/pt\/wp-json\/wp\/v2\/pages\/3\/revisions"}],"predecessor-version":[{"id":1122,"href":"https:\/\/elisabetenaturopathe.com\/pt\/wp-json\/wp\/v2\/pages\/3\/revisions\/1122"}],"wp:attachment":[{"href":"https:\/\/elisabetenaturopathe.com\/pt\/wp-json\/wp\/v2\/media?parent=3"}],"curies":[{"name":"wp","href":"https:\/\/api.w.org\/{rel}","templated":true}]}}