{"id":3,"date":"2025-02-28T21:40:58","date_gmt":"2025-02-28T21:40:58","guid":{"rendered":"http:\/\/elisabetenaturopathe.com\/?page_id=3"},"modified":"2025-08-15T03:32:39","modified_gmt":"2025-08-15T03:32:39","slug":"politique-de-confidentialite-et-cookies","status":"publish","type":"page","link":"https:\/\/elisabetenaturopathe.com\/de\/politique-de-confidentialite-et-cookies\/","title":{"rendered":"Datenschutz- und Cookie-Richtlinie"},"content":{"rendered":"<div data-elementor-type=\"wp-page\" data-elementor-id=\"3\" class=\"elementor elementor-3\" data-elementor-post-type=\"page\">\n\t\t\t\t<div class=\"elementor-element elementor-element-6442c0b e-flex e-con-boxed e-con e-parent\" data-id=\"6442c0b\" data-element_type=\"container\">\n\t\t\t\t\t<div class=\"e-con-inner\">\n\t\t\t\t<div class=\"elementor-element elementor-element-36769a9 elementor-widget elementor-widget-heading\" data-id=\"36769a9\" data-element_type=\"widget\" data-widget_type=\"heading.default\">\n\t\t\t\t<div class=\"elementor-widget-container\">\n\t\t\t\t\t<h2 class=\"elementor-heading-title elementor-size-default\">Datenschutz- und Cookie-Richtlinie<\/h2>\t\t\t\t<\/div>\n\t\t\t\t<\/div>\n\t\t\t\t<div class=\"elementor-element elementor-element-6018106 elementor-widget elementor-widget-heading\" data-id=\"6018106\" data-element_type=\"widget\" data-widget_type=\"heading.default\">\n\t\t\t\t<div class=\"elementor-widget-container\">\n\t\t\t\t\t<h2 class=\"elementor-heading-title elementor-size-default\">Anwendungsbereich<\/h2>\t\t\t\t<\/div>\n\t\t\t\t<\/div>\n\t\t\t\t<div class=\"elementor-element elementor-element-5df96c1 elementor-widget elementor-widget-text-editor\" data-id=\"5df96c1\" data-element_type=\"widget\" data-widget_type=\"text-editor.default\">\n\t\t\t\t<div class=\"elementor-widget-container\">\n\t\t\t\t\t\t\t\t\t<p data-start=\"89\" data-end=\"480\">Naturologist Clinician Naturopath by Elisabete respektiert und sch\u00fctzt Ihre Privatsph\u00e4re. Diese Datenschutz- und Cookie-Richtlinie beschreibt, wie wir die personenbezogenen Daten der Besucher unserer Website https:\/\/elisabetenaturopathe.com gem\u00e4\u00df der Datenschutz-Grundverordnung (DSGVO \u2013 EU 2016\/679) erheben, verwenden, speichern und sch\u00fctzen. <a href=\"https:\/\/elisabetenaturopathe.com\/de\/\">https:\/\/elisabetenaturopathe.com<\/a>gem\u00e4\u00df der Datenschutz-Grundverordnung (DSGVO \u2013 EU 2016\/679) erheben, verwenden, speichern und sch\u00fctzen.<\/p>\n<p data-start=\"482\" data-end=\"615\">Diese Richtlinie gilt nur f\u00fcr unsere Site und nicht f\u00fcr Sites von Drittanbietern, auf die m\u00f6glicherweise verwiesen wird oder die \u00fcber Links zug\u00e4nglich sind.<\/p>\t\t\t\t\t\t\t\t<\/div>\n\t\t\t\t<\/div>\n\t\t\t\t<div class=\"elementor-element elementor-element-690e04a elementor-widget elementor-widget-heading\" data-id=\"690e04a\" data-element_type=\"widget\" data-widget_type=\"heading.default\">\n\t\t\t\t<div class=\"elementor-widget-container\">\n\t\t\t\t\t<h2 class=\"elementor-heading-title elementor-size-default\">Verantwortlicher f\u00fcr die Datenverarbeitung<\/h2>\t\t\t\t<\/div>\n\t\t\t\t<\/div>\n\t\t\t\t<div class=\"elementor-element elementor-element-0faaee7 elementor-widget elementor-widget-text-editor\" data-id=\"0faaee7\" data-element_type=\"widget\" data-widget_type=\"text-editor.default\">\n\t\t\t\t<div class=\"elementor-widget-container\">\n\t\t\t\t\t\t\t\t\t<p data-start=\"89\" data-end=\"480\"><strong>Klinische Naturologin Naturheilkundlerin von Elisabete<\/strong><br data-start=\"735\" data-end=\"738\" \/><strong>E-Mail: <\/strong>info@elisabetenaturopathe.com<br data-start=\"765\" data-end=\"768\" \/><strong>Website: <\/strong><a href=\"https:\/\/elisabetenaturopathe.com\/de\/\">https:\/\/elisabetenaturopathe.com\/<\/a><br data-start=\"825\" data-end=\"828\" \/><strong>Telefon <\/strong>+352 691 358 349<\/p>\t\t\t\t\t\t\t\t<\/div>\n\t\t\t\t<\/div>\n\t\t\t\t<div class=\"elementor-element elementor-element-d0a49d6 elementor-widget elementor-widget-heading\" data-id=\"d0a49d6\" data-element_type=\"widget\" data-widget_type=\"heading.default\">\n\t\t\t\t<div class=\"elementor-widget-container\">\n\t\t\t\t\t<h2 class=\"elementor-heading-title elementor-size-default\">Erhebung und Verarbeitung personenbezogener Daten<\/h2>\t\t\t\t<\/div>\n\t\t\t\t<\/div>\n\t\t\t\t<div class=\"elementor-element elementor-element-4b31fd2 elementor-widget elementor-widget-text-editor\" data-id=\"4b31fd2\" data-element_type=\"widget\" data-widget_type=\"text-editor.default\">\n\t\t\t\t<div class=\"elementor-widget-container\">\n\t\t\t\t\t\t\t\t\t<p data-start=\"860\" data-end=\"990\">Personenbezogene Daten k\u00f6nnen auf folgende Weise erhoben werden:<\/p>\n<ul data-start=\"992\" data-end=\"1280\">\n<li data-start=\"992\" data-end=\"1052\">\n<p data-start=\"994\" data-end=\"1052\">Kontaktformular: Name, E-Mail, Telefon, Nachricht.<\/p>\n<\/li>\n<li data-start=\"1053\" data-end=\"1136\">\n<p data-start=\"1055\" data-end=\"1136\">Angebotsanfragen: Informationen zur Art der gew\u00fcnschten Dienstleistung und Kontaktdaten.<\/p>\n<\/li>\n<li data-start=\"1137\" data-end=\"1280\">\n<p data-start=\"1139\" data-end=\"1280\">Cookies und Browserdaten: IP-Adresse, Browsertyp, besuchte Seiten, ungef\u00e4hrer Standort, Dauer des Besuchs auf der Site.<\/p>\n<\/li>\n<\/ul>\n<p data-start=\"1282\" data-end=\"1323\">Die Verarbeitung dieser Daten erfolgt auf Grundlage von:<\/p>\n<ul data-start=\"1325\" data-end=\"1560\">\n<li data-start=\"1325\" data-end=\"1381\">\n<p data-start=\"1327\" data-end=\"1381\">Die ausdr\u00fcckliche Zustimmung der betroffenen Person;<\/p>\n<\/li>\n<li data-start=\"1382\" data-end=\"1447\">\n<p data-start=\"1384\" data-end=\"1447\">Aus der Durchf\u00fchrung eines Vertrags oder vorvertraglicher Ma\u00dfnahmen;<\/p>\n<\/li>\n<li data-start=\"1448\" data-end=\"1477\">\n<p data-start=\"1450\" data-end=\"1477\">Aus einer gesetzlichen Verpflichtung;<\/p>\n<\/li>\n<li data-start=\"1478\" data-end=\"1560\">\n<p data-start=\"1480\" data-end=\"1560\">Aus berechtigtem Interesse (z. B. Sicherheit, Serviceverbesserung, Statistik).<\/p>\n<\/li>\n<\/ul>\t\t\t\t\t\t\t\t<\/div>\n\t\t\t\t<\/div>\n\t\t\t\t<div class=\"elementor-element elementor-element-b23f505 elementor-widget elementor-widget-heading\" data-id=\"b23f505\" data-element_type=\"widget\" data-widget_type=\"heading.default\">\n\t\t\t\t<div class=\"elementor-widget-container\">\n\t\t\t\t\t<h2 class=\"elementor-heading-title elementor-size-default\">Zwecke der Verarbeitung<\/h2>\t\t\t\t<\/div>\n\t\t\t\t<\/div>\n\t\t\t\t<div class=\"elementor-element elementor-element-2a9413a elementor-widget elementor-widget-text-editor\" data-id=\"2a9413a\" data-element_type=\"widget\" data-widget_type=\"text-editor.default\">\n\t\t\t\t<div class=\"elementor-widget-container\">\n\t\t\t\t\t\t\t\t\t<p data-start=\"1562\" data-end=\"1638\">Die erhobenen Daten werden verwendet f\u00fcr:<\/p>\n<ul data-start=\"1640\" data-end=\"1936\">\n<li data-start=\"1640\" data-end=\"1690\">\n<p data-start=\"1642\" data-end=\"1690\">Auf Kontakt- oder Angebotsanfragen antworten;<\/p>\n<\/li>\n<li data-start=\"1691\" data-end=\"1792\">\n<p data-start=\"1693\" data-end=\"1792\">Senden Sie Informationen \u00fcber unsere Dienste, Werbeaktionen oder Neuigkeiten (sofern zul\u00e4ssig);<\/p>\n<\/li>\n<li data-start=\"1793\" data-end=\"1876\">\n<p data-start=\"1795\" data-end=\"1876\">Analysieren Sie Browserstatistiken und verbessern Sie die Benutzererfahrung.<\/p>\n<\/li>\n<li data-start=\"1877\" data-end=\"1936\">\n<p data-start=\"1879\" data-end=\"1936\">Erf\u00fcllen Sie gesetzliche und regulatorische Verpflichtungen.<\/p>\n<\/li>\n<\/ul>\t\t\t\t\t\t\t\t<\/div>\n\t\t\t\t<\/div>\n\t\t\t\t<div class=\"elementor-element elementor-element-c34818b elementor-widget elementor-widget-heading\" data-id=\"c34818b\" data-element_type=\"widget\" data-widget_type=\"heading.default\">\n\t\t\t\t<div class=\"elementor-widget-container\">\n\t\t\t\t\t<h2 class=\"elementor-heading-title elementor-size-default\">Datenspeicherung<\/h2>\t\t\t\t<\/div>\n\t\t\t\t<\/div>\n\t\t\t\t<div class=\"elementor-element elementor-element-f3d85a3 elementor-widget elementor-widget-text-editor\" data-id=\"f3d85a3\" data-element_type=\"widget\" data-widget_type=\"text-editor.default\">\n\t\t\t\t<div class=\"elementor-widget-container\">\n\t\t\t\t\t\t\t\t\t<p data-start=\"1562\" data-end=\"1638\">Personenbezogene Daten werden nur f\u00fcr den Zeitraum aufbewahrt, der zur Erreichung der genannten Zwecke oder gem\u00e4\u00df den gesetzlichen Bestimmungen erforderlich ist.<\/p>\t\t\t\t\t\t\t\t<\/div>\n\t\t\t\t<\/div>\n\t\t\t\t<div class=\"elementor-element elementor-element-79b29e9 elementor-widget elementor-widget-heading\" data-id=\"79b29e9\" data-element_type=\"widget\" data-widget_type=\"heading.default\">\n\t\t\t\t<div class=\"elementor-widget-container\">\n\t\t\t\t\t<h2 class=\"elementor-heading-title elementor-size-default\">Rechte der betroffenen Person<\/h2>\t\t\t\t<\/div>\n\t\t\t\t<\/div>\n\t\t\t\t<div class=\"elementor-element elementor-element-c669109 elementor-widget elementor-widget-text-editor\" data-id=\"c669109\" data-element_type=\"widget\" data-widget_type=\"text-editor.default\">\n\t\t\t\t<div class=\"elementor-widget-container\">\n\t\t\t\t\t\t\t\t\t<p data-start=\"2134\" data-end=\"2231\">Gem\u00e4\u00df der DSGVO stehen Ihnen folgende Rechte zu:<\/p>\n<ul data-start=\"2233\" data-end=\"2547\">\n<li data-start=\"2233\" data-end=\"2273\">\n<p data-start=\"2235\" data-end=\"2273\">Zugriff auf Ihre personenbezogenen Daten;<\/p>\n<\/li>\n<li data-start=\"2274\" data-end=\"2334\">\n<p data-start=\"2276\" data-end=\"2334\">Korrigieren oder aktualisieren Sie falsche Informationen;<\/p>\n<\/li>\n<li data-start=\"2335\" data-end=\"2397\">\n<p data-start=\"2337\" data-end=\"2397\">die L\u00f6schung Ihrer Daten zu verlangen (Recht auf Vergessenwerden);<\/p>\n<\/li>\n<li data-start=\"2398\" data-end=\"2456\">\n<p data-start=\"2400\" data-end=\"2456\">Die Verarbeitung Ihrer Daten einschr\u00e4nken oder ihr widersprechen;<\/p>\n<\/li>\n<li data-start=\"2457\" data-end=\"2503\">\n<p data-start=\"2459\" data-end=\"2503\">Ihre Einwilligung jederzeit widerrufen;<\/p>\n<\/li>\n<li data-start=\"2504\" data-end=\"2547\">\n<p data-start=\"2506\" data-end=\"2547\">Fordern Sie die Portabilit\u00e4t Ihrer Daten an.<\/p>\n<\/li>\n<\/ul>\n<p data-start=\"2549\" data-end=\"2622\">Um Ihre Rechte auszu\u00fcben, kontaktieren Sie uns per E-Mail: info@elisabetenaturopathe.com<\/p>\t\t\t\t\t\t\t\t<\/div>\n\t\t\t\t<\/div>\n\t\t\t\t<div class=\"elementor-element elementor-element-8ecb1ba elementor-widget elementor-widget-heading\" data-id=\"8ecb1ba\" data-element_type=\"widget\" data-widget_type=\"heading.default\">\n\t\t\t\t<div class=\"elementor-widget-container\">\n\t\t\t\t\t<h2 class=\"elementor-heading-title elementor-size-default\">Sicherheit und Vertraulichkeit<\/h2>\t\t\t\t<\/div>\n\t\t\t\t<\/div>\n\t\t\t\t<div class=\"elementor-element elementor-element-528f83f elementor-widget elementor-widget-text-editor\" data-id=\"528f83f\" data-element_type=\"widget\" data-widget_type=\"text-editor.default\">\n\t\t\t\t<div class=\"elementor-widget-container\">\n\t\t\t\t\t\t\t\t\t<p data-start=\"2624\" data-end=\"2851\">Wir ergreifen geeignete technische und organisatorische Ma\u00dfnahmen, um Ihre personenbezogenen Daten vor unbefugtem Zugriff, Verlust, Ver\u00e4nderung oder unrechtm\u00e4\u00dfiger Offenlegung zu sch\u00fctzen.<\/p>\n<p data-start=\"2853\" data-end=\"3018\">Wir weisen Sie jedoch darauf hin, dass die Daten\u00fcbertragung \u00fcber das Internet nicht vollkommen sicher ist. Daher k\u00f6nnen wir keine absolute Sicherheit garantieren.<\/p>\t\t\t\t\t\t\t\t<\/div>\n\t\t\t\t<\/div>\n\t\t\t\t<div class=\"elementor-element elementor-element-65b4657 elementor-widget elementor-widget-heading\" data-id=\"65b4657\" data-element_type=\"widget\" data-widget_type=\"heading.default\">\n\t\t\t\t<div class=\"elementor-widget-container\">\n\t\t\t\t\t<h2 class=\"elementor-heading-title elementor-size-default\">Cookies-Richtlinie<\/h2>\t\t\t\t<\/div>\n\t\t\t\t<\/div>\n\t\t\t\t<div class=\"elementor-element elementor-element-419524e elementor-widget elementor-widget-heading\" data-id=\"419524e\" data-element_type=\"widget\" data-widget_type=\"heading.default\">\n\t\t\t\t<div class=\"elementor-widget-container\">\n\t\t\t\t\t<h2 class=\"elementor-heading-title elementor-size-default\">Was ist ein Cookie?<\/h2>\t\t\t\t<\/div>\n\t\t\t\t<\/div>\n\t\t\t\t<div class=\"elementor-element elementor-element-15d59a6 elementor-widget elementor-widget-text-editor\" data-id=\"15d59a6\" data-element_type=\"widget\" data-widget_type=\"text-editor.default\">\n\t\t\t\t<div class=\"elementor-widget-container\">\n\t\t\t\t\t\t\t\t\t<p data-start=\"2624\" data-end=\"2851\">Cookies sind kleine Dateien, die in Ihrem Browser gespeichert werden und dazu beitragen, die Benutzererfahrung zu verbessern, Ihre Pr\u00e4ferenzen zu speichern und statistische Daten zu sammeln.<\/p>\t\t\t\t\t\t\t\t<\/div>\n\t\t\t\t<\/div>\n\t\t\t\t<div class=\"elementor-element elementor-element-dab1dd1 elementor-widget elementor-widget-heading\" data-id=\"dab1dd1\" data-element_type=\"widget\" data-widget_type=\"heading.default\">\n\t\t\t\t<div class=\"elementor-widget-container\">\n\t\t\t\t\t<h2 class=\"elementor-heading-title elementor-size-default\">Arten der verwendeten Cookies:<\/h2>\t\t\t\t<\/div>\n\t\t\t\t<\/div>\n\t\t\t\t<div class=\"elementor-element elementor-element-10f8e5b elementor-widget elementor-widget-text-editor\" data-id=\"10f8e5b\" data-element_type=\"widget\" data-widget_type=\"text-editor.default\">\n\t\t\t\t<div class=\"elementor-widget-container\">\n\t\t\t\t\t\t\t\t\t<ul>\n<li data-start=\"3306\" data-end=\"3362\">\n<p data-start=\"3308\" data-end=\"3362\">Essentiell: notwendig f\u00fcr den Betrieb der Site;<\/p>\n<\/li>\n<li data-start=\"3363\" data-end=\"3461\">\n<p data-start=\"3365\" data-end=\"3461\">Analytics: Sammeln statistischer Daten zur Navigation (z. B. Google Analytics);<\/p>\n<\/li>\n<li data-start=\"3462\" data-end=\"3526\">\n<p data-start=\"3464\" data-end=\"3526\">Funktional: Benutzereinstellungen speichern;<\/p>\n<\/li>\n<li data-start=\"3527\" data-end=\"3603\">\n<p data-start=\"3529\" data-end=\"3603\">Marketing: Wird zur Personalisierung von Werbung verwendet (falls zutreffend).<\/p>\n<\/li>\n<\/ul>\t\t\t\t\t\t\t\t<\/div>\n\t\t\t\t<\/div>\n\t\t\t\t<div class=\"elementor-element elementor-element-6010ad5 elementor-widget elementor-widget-heading\" data-id=\"6010ad5\" data-element_type=\"widget\" data-widget_type=\"heading.default\">\n\t\t\t\t<div class=\"elementor-widget-container\">\n\t\t\t\t\t<h2 class=\"elementor-heading-title elementor-size-default\">Zustimmung<\/h2>\t\t\t\t<\/div>\n\t\t\t\t<\/div>\n\t\t\t\t<div class=\"elementor-element elementor-element-d903715 elementor-widget elementor-widget-text-editor\" data-id=\"d903715\" data-element_type=\"widget\" data-widget_type=\"text-editor.default\">\n\t\t\t\t<div class=\"elementor-widget-container\">\n\t\t\t\t\t\t\t\t\t<p data-start=\"3605\" data-end=\"3745\">Wenn Sie unsere Website zum ersten Mal besuchen, wird ein Cookie-Informationsbanner angezeigt. Sie k\u00f6nnen dann:<\/p>\n<ul data-start=\"3747\" data-end=\"3846\">\n<li data-start=\"3747\" data-end=\"3778\">\n<p data-start=\"3749\" data-end=\"3778\">Alle Cookies akzeptieren;<\/p>\n<\/li>\n<li data-start=\"3779\" data-end=\"3819\">\n<p data-start=\"3781\" data-end=\"3819\">Nicht notwendige Cookies ablehnen;<\/p>\n<\/li>\n<li data-start=\"3820\" data-end=\"3846\">\n<p data-start=\"3822\" data-end=\"3846\">Verwalten Sie Ihre Einstellungen.<\/p>\n<\/li>\n<\/ul>\n<p data-start=\"3848\" data-end=\"3942\">Sie k\u00f6nnen Cookies auch direkt in Ihren Browsereinstellungen verwalten.<\/p>\t\t\t\t\t\t\t\t<\/div>\n\t\t\t\t<\/div>\n\t\t\t\t<div class=\"elementor-element elementor-element-6dbc31a elementor-widget elementor-widget-heading\" data-id=\"6dbc31a\" data-element_type=\"widget\" data-widget_type=\"heading.default\">\n\t\t\t\t<div class=\"elementor-widget-container\">\n\t\t\t\t\t<h2 class=\"elementor-heading-title elementor-size-default\">Cookies von Drittanbietern<\/h2>\t\t\t\t<\/div>\n\t\t\t\t<\/div>\n\t\t\t\t<div class=\"elementor-element elementor-element-5e9403d elementor-widget elementor-widget-text-editor\" data-id=\"5e9403d\" data-element_type=\"widget\" data-widget_type=\"text-editor.default\">\n\t\t\t\t<div class=\"elementor-widget-container\">\n\t\t\t\t\t\t\t\t\t<p data-start=\"3605\" data-end=\"3745\">Wir nutzen m\u00f6glicherweise Dienste von Drittanbietern (z. B. Google, Meta\/Facebook, YouTube), die Cookies in Ihrem Browser platzieren k\u00f6nnen. Wir laden Sie ein, die jeweiligen Datenschutzrichtlinien zu lesen.<\/p>\t\t\t\t\t\t\t\t<\/div>\n\t\t\t\t<\/div>\n\t\t\t\t<div class=\"elementor-element elementor-element-1bc7fc5 elementor-widget elementor-widget-heading\" data-id=\"1bc7fc5\" data-element_type=\"widget\" data-widget_type=\"heading.default\">\n\t\t\t\t<div class=\"elementor-widget-container\">\n\t\t\t\t\t<h2 class=\"elementor-heading-title elementor-size-default\">\u00c4nderungen dieser Richtlinie<\/h2>\t\t\t\t<\/div>\n\t\t\t\t<\/div>\n\t\t\t\t<div class=\"elementor-element elementor-element-257626c elementor-widget elementor-widget-text-editor\" data-id=\"257626c\" data-element_type=\"widget\" data-widget_type=\"text-editor.default\">\n\t\t\t\t<div class=\"elementor-widget-container\">\n\t\t\t\t\t\t\t\t\t<p data-start=\"4188\" data-end=\"4426\">Wir behalten uns das Recht vor, diese Datenschutz- und Cookie-Richtlinie jederzeit zu aktualisieren. Alle \u00c4nderungen werden auf dieser Seite mit dem aktualisierten \u00dcberarbeitungsdatum ver\u00f6ffentlicht.<\/p>\n<p data-start=\"4428\" data-end=\"4479\"><strong data-start=\"4428\" data-end=\"4454\">Letzte Aktualisierung:<\/strong> Luxemburg, 11.08.2025<\/p>\t\t\t\t\t\t\t\t<\/div>\n\t\t\t\t<\/div>\n\t\t\t\t\t<\/div>\n\t\t\t\t<\/div>\n\t\t\t\t<\/div>","protected":false},"excerpt":{"rendered":"<p>Politique de Confidentialit\u00e9 et Cookies Champ d\u2019application Naturologue Clinicienne Naturopathe by Elisabete respecte et prot\u00e8ge votre vie priv\u00e9e. La pr\u00e9sente [&hellip;]<\/p>","protected":false},"author":1,"featured_media":0,"parent":0,"menu_order":0,"comment_status":"closed","ping_status":"closed","template":"elementor_header_footer","meta":{"site-sidebar-layout":"default","site-content-layout":"","ast-site-content-layout":"","site-content-style":"default","site-sidebar-style":"default","ast-global-header-display":"","ast-banner-title-visibility":"","ast-main-header-display":"","ast-hfb-above-header-display":"","ast-hfb-below-header-display":"","ast-hfb-mobile-header-display":"","site-post-title":"","ast-breadcrumbs-content":"","ast-featured-img":"","footer-sml-layout":"","theme-transparent-header-meta":"","adv-header-id-meta":"","stick-header-meta":"","header-above-stick-meta":"","header-main-stick-meta":"","header-below-stick-meta":"","astra-migrate-meta-layouts":"default","ast-page-background-enabled":"default","ast-page-background-meta":{"desktop":{"background-color":"var(--ast-global-color-5)","background-image":"","background-repeat":"repeat","background-position":"center center","background-size":"auto","background-attachment":"scroll","background-type":"","background-media":"","overlay-type":"","overlay-color":"","overlay-opacity":"","overlay-gradient":""},"tablet":{"background-color":"","background-image":"","background-repeat":"repeat","background-position":"center center","background-size":"auto","background-attachment":"scroll","background-type":"","background-media":"","overlay-type":"","overlay-color":"","overlay-opacity":"","overlay-gradient":""},"mobile":{"background-color":"","background-image":"","background-repeat":"repeat","background-position":"center center","background-size":"auto","background-attachment":"scroll","background-type":"","background-media":"","overlay-type":"","overlay-color":"","overlay-opacity":"","overlay-gradient":""}},"ast-content-background-meta":{"desktop":{"background-color":"var(--ast-global-color-4)","background-image":"","background-repeat":"repeat","background-position":"center center","background-size":"auto","background-attachment":"scroll","background-type":"","background-media":"","overlay-type":"","overlay-color":"","overlay-opacity":"","overlay-gradient":""},"tablet":{"background-color":"var(--ast-global-color-4)","background-image":"","background-repeat":"repeat","background-position":"center center","background-size":"auto","background-attachment":"scroll","background-type":"","background-media":"","overlay-type":"","overlay-color":"","overlay-opacity":"","overlay-gradient":""},"mobile":{"background-color":"var(--ast-global-color-4)","background-image":"","background-repeat":"repeat","background-position":"center center","background-size":"auto","background-attachment":"scroll","background-type":"","background-media":"","overlay-type":"","overlay-color":"","overlay-opacity":"","overlay-gradient":""}},"footnotes":""},"class_list":["post-3","page","type-page","status-publish","hentry"],"_links":{"self":[{"href":"https:\/\/elisabetenaturopathe.com\/de\/wp-json\/wp\/v2\/pages\/3","targetHints":{"allow":["GET"]}}],"collection":[{"href":"https:\/\/elisabetenaturopathe.com\/de\/wp-json\/wp\/v2\/pages"}],"about":[{"href":"https:\/\/elisabetenaturopathe.com\/de\/wp-json\/wp\/v2\/types\/page"}],"author":[{"embeddable":true,"href":"https:\/\/elisabetenaturopathe.com\/de\/wp-json\/wp\/v2\/users\/1"}],"replies":[{"embeddable":true,"href":"https:\/\/elisabetenaturopathe.com\/de\/wp-json\/wp\/v2\/comments?post=3"}],"version-history":[{"count":19,"href":"https:\/\/elisabetenaturopathe.com\/de\/wp-json\/wp\/v2\/pages\/3\/revisions"}],"predecessor-version":[{"id":1122,"href":"https:\/\/elisabetenaturopathe.com\/de\/wp-json\/wp\/v2\/pages\/3\/revisions\/1122"}],"wp:attachment":[{"href":"https:\/\/elisabetenaturopathe.com\/de\/wp-json\/wp\/v2\/media?parent=3"}],"curies":[{"name":"wp","href":"https:\/\/api.w.org\/{rel}","templated":true}]}}